{"id":1716,"date":"2021-04-13T12:33:01","date_gmt":"2021-04-13T10:33:01","guid":{"rendered":"https:\/\/www.abenanova.com\/cases\/read-more-about-our-news-and-awards\/"},"modified":"2023-08-03T09:12:04","modified_gmt":"2023-08-03T07:12:04","slug":"aktualno","status":"publish","type":"page","link":"https:\/\/www.abenanova.com\/sl\/v-praksi\/aktualno\/","title":{"rendered":"Aktualno"},"content":{"rendered":"<div>\n<p><span>Preberite ve\u010d<\/span><\/p>\n<\/div>\n<h1>Novice, nagrade in medijske objave<\/h1>\n<div>\n<p class=\"lead\">Preberite na\u0161e aktualne novice o ABENA Nova z MediSens:<\/p>\n<\/div>\n<div>\n<\/div>\n<div>\n<p>Spoznajte prednosti<\/p>\n<\/div>\n<h2>Digitalizirane oskrbe oseb z inkontinenco<\/h2>\n<ul>\n<li>\n<p>        <img decoding=\"async\" src=\"\/wp-content\/uploads\/2021\/05\/ABENA-Nova-at-Zorggroep-Elde-Maasduinen.jpg\" alt=\"\"><\/p>\n<h3>Za vodstvo<\/h3>\n<p>Nega in oskrba starej\u0161ih<\/p>\n<p><a href=\"\/sl\/podrocja\/vodstvo\/\"><\/a><\/p>\n<\/li>\n<li>\n<p>        <img decoding=\"async\" src=\"\/wp-content\/uploads\/2021\/05\/abena-nova-incontinence-innovation.jpg\" alt=\"\"><\/p>\n<h3>Za oskrbovalce<\/h3>\n<p>Nega in oskrba starej\u0161ih<\/p>\n<p><a href=\"\/sl\/podrocja\/oskrbovalci\/\"><\/a><\/p>\n<\/li>\n<li>\n<p>        <img decoding=\"async\" src=\"\/wp-content\/uploads\/2021\/04\/incontinence-for-residents-small.jpg\" alt=\"\"><\/p>\n<h3>Za oskrbovance in sorodnike<\/h3>\n<p>Nega in oskrba starej\u0161ih<\/p>\n<p><a href=\"\/sl\/podrocja\/oskrbovanci-sorodniki\/\"><\/a><\/p>\n<\/li>\n<li>\n<p>        <img decoding=\"async\" src=\"\/wp-content\/uploads\/2022\/11\/DSC01601-03-scaled.jpeg\" alt=\"Young disabled man and his caregivers enjoying life\"><\/p>\n<h3>Oskrba oseb z invalidnostjo<\/h3>\n<p>Dostojanstvena oskrba<\/p>\n<p><a href=\"\/sl\/podrocja\/oskrba-oseb-z-invalidnostjo\/\"><\/a><\/p>\n<\/li>\n<\/ul>\n<p><!--more--><br \/>\n<!-- {\"type\":\"layout\",\"children\":[{\"type\":\"section\",\"props\":{\"image_position\":\"center-center\",\"style\":\"default\",\"title_breakpoint\":\"xl\",\"title_position\":\"top-left\",\"title_rotation\":\"left\",\"vertical_align\":\"middle\",\"width\":\"default\"},\"children\":[{\"type\":\"row\",\"children\":[{\"type\":\"column\",\"props\":{\"image_position\":\"center-center\",\"position_sticky_breakpoint\":\"m\"},\"children\":[{\"type\":\"text\",\"props\":{\"column_breakpoint\":\"m\",\"content\":\"\n\n<p><span>Preberite ve\\u010d<\\\/span><\\\/p>\",\"margin\":\"default\",\"margin_remove_bottom\":true,\"text_style\":\"meta\"}},{\"type\":\"headline\",\"props\":{\"content\":\"Novice, nagrade in medijske objave\",\"margin_remove_top\":true,\"title_element\":\"h1\"}},{\"type\":\"text\",\"props\":{\"column_breakpoint\":\"m\",\"content\":\"\n\n<p class=\\\"lead\\\">Preberite na\\u0161e aktualne novice o ABENA Nova z MediSens:<\\\/p>\",\"margin\":\"default\",\"maxwidth\":\"2xlarge\"}}]}]},{\"type\":\"row\",\"children\":[{\"type\":\"column\",\"props\":{\"image_position\":\"center-center\",\"position_sticky_breakpoint\":\"m\"},\"children\":[{\"type\":\"grid\",\"props\":{\"content_column_breakpoint\":\"m\",\"content_margin\":\"small\",\"filter_align\":\"left\",\"filter_all\":true,\"filter_grid_breakpoint\":\"m\",\"filter_grid_width\":\"auto\",\"filter_position\":\"top\",\"filter_style\":\"tab\",\"grid_default\":\"1\",\"grid_medium\":\"3\",\"icon_width\":80,\"image_align\":\"top\",\"image_grid_breakpoint\":\"m\",\"image_grid_width\":\"1-2\",\"image_height\":\"200\",\"image_svg_color\":\"emphasis\",\"image_width\":\"380\",\"item_animation\":true,\"link_style\":\"text\",\"link_text\":\"Preberite ve\\u010d\",\"margin\":\"default\",\"meta_align\":\"below-title\",\"meta_element\":\"div\",\"meta_margin\":\"remove\",\"meta_style\":\"text-meta\",\"panel_image_no_padding\":true,\"panel_link\":true,\"panel_padding\":\"small\",\"panel_style\":\"card-hover\",\"parallax_easing\":\"1\",\"show_content\":true,\"show_image\":true,\"show_link\":true,\"show_meta\":true,\"show_title\":true,\"title_align\":\"top\",\"title_element\":\"h3\",\"title_grid_breakpoint\":\"m\",\"title_grid_width\":\"1-2\",\"title_hover_style\":\"reset\",\"title_style\":\"h4\"},\"children\":[{\"type\":\"grid_item\",\"source\":{\"query\":{\"name\":\"posts.customPosts\",\"arguments\":{\"terms\":[5,3,4],\"offset\":0,\"limit\":40,\"order\":\"date\",\"order_direction\":\"DESC\",\"category_operator\":\"IN\",\"post_tag_operator\":\"IN\",\"users\":[],\"users_operator\":\"IN\"}},\"props\":{\"title\":{\"filters\":{\"search\":\"\",\"limit\":32},\"name\":\"title\"},\"content\":{\"filters\":{\"search\":\"\",\"limit\":105},\"name\":\"excerpt\"},\"image\":{\"filters\":{\"search\":\"\"},\"name\":\"featuredImage.url\"},\"image_alt\":{\"filters\":{\"search\":\"\"},\"name\":\"featuredImage.alt\"},\"link\":{\"filters\":{\"search\":\"\"},\"name\":\"link\"}}}}]}]}]}]},{\"type\":\"section\",\"props\":{\"animation\":\"fade\",\"image_effect\":\"parallax\",\"image_parallax_bgy\":\"-50,50\",\"image_parallax_easing\":\"1\",\"image_position\":\"center-center\",\"padding_remove_bottom\":false,\"padding_remove_top\":false,\"style\":\"muted\",\"title_breakpoint\":\"xl\",\"title_position\":\"top-left\",\"title_rotation\":\"left\",\"vertical_align\":\"middle\",\"width\":\"default\"},\"children\":[{\"type\":\"row\",\"children\":[{\"type\":\"column\",\"props\":{\"image_position\":\"center-center\",\"position_sticky_breakpoint\":\"m\"},\"children\":[{\"type\":\"text\",\"props\":{\"column_breakpoint\":\"m\",\"content\":\"\n\n<p>Spoznajte prednosti<\\\/p>\",\"margin\":\"default\",\"margin_remove_bottom\":true,\"text_style\":\"meta\"}},{\"type\":\"headline\",\"props\":{\"animation\":\"slide-bottom-small\",\"content\":\"Digitalizirane oskrbe oseb z inkontinenco\",\"margin\":\"default\",\"margin_remove_top\":true,\"title_element\":\"h2\"}},{\"type\":\"grid\",\"props\":{\"content_column_breakpoint\":\"m\",\"content_margin\":\"remove\",\"filter_align\":\"left\",\"filter_all\":true,\"filter_grid_breakpoint\":\"m\",\"filter_grid_width\":\"auto\",\"filter_position\":\"top\",\"filter_style\":\"tab\",\"grid_column_align\":true,\"grid_column_gap\":\"small\",\"grid_default\":\"1\",\"grid_medium\":\"4\",\"grid_row_align\":true,\"grid_row_gap\":\"small\",\"grid_small\":\"2\",\"icon_width\":80,\"image_align\":\"top\",\"image_grid_breakpoint\":\"m\",\"image_grid_width\":\"1-2\",\"image_height\":\"320\",\"image_link\":true,\"image_svg_color\":\"emphasis\",\"image_transition\":\"scale-up\",\"image_width\":\"610\",\"item_animation\":true,\"link_style\":\"default\",\"link_text\":\"\",\"margin\":\"default\",\"meta_align\":\"above-title\",\"meta_element\":\"div\",\"meta_style\":\"text-meta\",\"panel_image_no_padding\":true,\"panel_link\":true,\"panel_padding\":\"small\",\"panel_style\":\"card-hover\",\"parallax_easing\":\"1\",\"show_content\":true,\"show_image\":true,\"show_link\":true,\"show_meta\":true,\"show_title\":true,\"title_align\":\"top\",\"title_element\":\"h3\",\"title_grid_breakpoint\":\"m\",\"title_grid_width\":\"1-2\",\"title_hover_style\":\"reset\",\"title_link\":true,\"title_margin\":\"remove\",\"title_style\":\"h5\"},\"children\":[{\"type\":\"grid_item\",\"props\":{\"content\":\"\",\"image\":\"wp-content\\\/uploads\\\/2021\\\/05\\\/ABENA-Nova-at-Zorggroep-Elde-Maasduinen.jpg\",\"link\":\"sl\\\/podrocja\\\/vodstvo\\\/\",\"meta\":\"Nega in oskrba starej\\u0161ih\",\"title\":\"Za vodstvo\"}},{\"type\":\"grid_item\",\"props\":{\"content\":\"\",\"image\":\"wp-content\\\/uploads\\\/2021\\\/05\\\/abena-nova-incontinence-innovation.jpg\",\"link\":\"sl\\\/podrocja\\\/oskrbovalci\\\/\",\"meta\":\"Nega in oskrba starej\\u0161ih\",\"title\":\"Za oskrbovalce\"}},{\"type\":\"grid_item\",\"props\":{\"content\":\"\",\"image\":\"wp-content\\\/uploads\\\/2021\\\/04\\\/incontinence-for-residents-small.jpg\",\"link\":\"sl\\\/podrocja\\\/oskrbovanci-sorodniki\\\/\",\"meta\":\"Nega in oskrba starej\\u0161ih\",\"title\":\"Za oskrbovance in sorodnike\"}},{\"type\":\"grid_item\",\"props\":{\"image\":\"wp-content\\\/uploads\\\/2022\\\/11\\\/DSC01601-03-scaled.jpeg\",\"image_alt\":\"Young disabled man and his caregivers enjoying life\",\"link\":\"sl\\\/podrocja\\\/oskrba-oseb-z-invalidnostjo\\\/\",\"meta\":\"Dostojanstvena oskrba\",\"title\":\"Oskrba oseb z invalidnostjo\"}}],\"modified\":\"2021-01-28T14:50:40.352Z\"}]}]}],\"name\":\"Segmenter oversigt 4 kasser\"}],\"version\":\"4.0.7\"} --><\/p>\n","protected":false},"excerpt":{"rendered":"<p>Preberite ve\u010d Novice, nagrade in medijske objave Preberite na\u0161e aktualne novice o ABENA Nova z MediSens: Spoznajte prednosti Digitalizirane oskrbe oseb z inkontinenco Za vodstvo Nega in oskrba starej\u0161ih Za oskrbovalce Nega in oskrba starej\u0161ih Za oskrbovance in sorodnike Nega in oskrba starej\u0161ih Oskrba oseb z invalidnostjo Dostojanstvena oskrba<\/p>\n","protected":false},"author":2,"featured_media":0,"parent":1715,"menu_order":0,"comment_status":"closed","ping_status":"closed","template":"","meta":{"footnotes":""},"class_list":["post-1716","page","type-page","status-publish","hentry"],"yoast_head":"<!-- This site is optimized with the Yoast SEO plugin v27.4 - https:\/\/yoast.com\/product\/yoast-seo-wordpress\/ -->\n<title>Novice, nagrade &amp; medijske objave o ABENA Nova z MediSens<\/title>\n<meta name=\"description\" content=\"Preberite na\u0161e aktualne novice in objave o ABENA Nova z MediSens. Spremljajte nas tudi na Facebooku, Instagramu in LinkedInu.\" \/>\n<meta name=\"robots\" content=\"index, follow, max-snippet:-1, max-image-preview:large, max-video-preview:-1\" \/>\n<link rel=\"canonical\" href=\"https:\/\/www.abenanova.com\/sl\/v-praksi\/aktualno\/\" \/>\n<meta property=\"og:locale\" content=\"sl_SI\" \/>\n<meta property=\"og:type\" content=\"article\" \/>\n<meta property=\"og:title\" content=\"Novice, nagrade &amp; medijske objave o ABENA Nova z MediSens\" \/>\n<meta property=\"og:description\" content=\"Preberite na\u0161e aktualne novice in objave o ABENA Nova z MediSens. Spremljajte nas tudi na Facebooku, Instagramu in LinkedInu.\" \/>\n<meta property=\"og:url\" content=\"https:\/\/www.abenanova.com\/sl\/v-praksi\/aktualno\/\" \/>\n<meta property=\"og:site_name\" content=\"ABENA Nova\" \/>\n<meta property=\"article:modified_time\" content=\"2023-08-03T07:12:04+00:00\" \/>\n<meta name=\"twitter:card\" content=\"summary_large_image\" \/>\n<meta name=\"twitter:label1\" content=\"Est. reading time\" \/>\n\t<meta name=\"twitter:data1\" content=\"2 minuti\" \/>\n<script type=\"application\/ld+json\" class=\"yoast-schema-graph\">{\"@context\":\"https:\\\/\\\/schema.org\",\"@graph\":[{\"@type\":\"WebPage\",\"@id\":\"https:\\\/\\\/www.abenanova.com\\\/sl\\\/v-praksi\\\/aktualno\\\/\",\"url\":\"https:\\\/\\\/www.abenanova.com\\\/sl\\\/v-praksi\\\/aktualno\\\/\",\"name\":\"Novice, nagrade & medijske objave o ABENA Nova z MediSens\",\"isPartOf\":{\"@id\":\"https:\\\/\\\/www.abenanova.com\\\/sl\\\/#website\"},\"datePublished\":\"2021-04-13T10:33:01+00:00\",\"dateModified\":\"2023-08-03T07:12:04+00:00\",\"description\":\"Preberite na\u0161e aktualne novice in objave o ABENA Nova z MediSens. Spremljajte nas tudi na Facebooku, Instagramu in LinkedInu.\",\"breadcrumb\":{\"@id\":\"https:\\\/\\\/www.abenanova.com\\\/sl\\\/v-praksi\\\/aktualno\\\/#breadcrumb\"},\"inLanguage\":\"sl-SI\",\"potentialAction\":[{\"@type\":\"ReadAction\",\"target\":[\"https:\\\/\\\/www.abenanova.com\\\/sl\\\/v-praksi\\\/aktualno\\\/\"]}]},{\"@type\":\"BreadcrumbList\",\"@id\":\"https:\\\/\\\/www.abenanova.com\\\/sl\\\/v-praksi\\\/aktualno\\\/#breadcrumb\",\"itemListElement\":[{\"@type\":\"ListItem\",\"position\":1,\"name\":\"Home\",\"item\":\"https:\\\/\\\/www.abenanova.com\\\/sl\\\/\"},{\"@type\":\"ListItem\",\"position\":2,\"name\":\"V praksi\",\"item\":\"https:\\\/\\\/www.abenanova.com\\\/sl\\\/v-praksi\\\/\"},{\"@type\":\"ListItem\",\"position\":3,\"name\":\"Aktualno\"}]},{\"@type\":\"WebSite\",\"@id\":\"https:\\\/\\\/www.abenanova.com\\\/sl\\\/#website\",\"url\":\"https:\\\/\\\/www.abenanova.com\\\/sl\\\/\",\"name\":\"ABENA Nova\",\"description\":\"\",\"potentialAction\":[{\"@type\":\"SearchAction\",\"target\":{\"@type\":\"EntryPoint\",\"urlTemplate\":\"https:\\\/\\\/www.abenanova.com\\\/sl\\\/?s={search_term_string}\"},\"query-input\":{\"@type\":\"PropertyValueSpecification\",\"valueRequired\":true,\"valueName\":\"search_term_string\"}}],\"inLanguage\":\"sl-SI\"}]}<\/script>\n<!-- \/ Yoast SEO plugin. -->","yoast_head_json":{"title":"Novice, nagrade & medijske objave o ABENA Nova z MediSens","description":"Preberite na\u0161e aktualne novice in objave o ABENA Nova z MediSens. Spremljajte nas tudi na Facebooku, Instagramu in LinkedInu.","robots":{"index":"index","follow":"follow","max-snippet":"max-snippet:-1","max-image-preview":"max-image-preview:large","max-video-preview":"max-video-preview:-1"},"canonical":"https:\/\/www.abenanova.com\/sl\/v-praksi\/aktualno\/","og_locale":"sl_SI","og_type":"article","og_title":"Novice, nagrade & medijske objave o ABENA Nova z MediSens","og_description":"Preberite na\u0161e aktualne novice in objave o ABENA Nova z MediSens. Spremljajte nas tudi na Facebooku, Instagramu in LinkedInu.","og_url":"https:\/\/www.abenanova.com\/sl\/v-praksi\/aktualno\/","og_site_name":"ABENA Nova","article_modified_time":"2023-08-03T07:12:04+00:00","twitter_card":"summary_large_image","twitter_misc":{"Est. reading time":"2 minuti"},"schema":{"@context":"https:\/\/schema.org","@graph":[{"@type":"WebPage","@id":"https:\/\/www.abenanova.com\/sl\/v-praksi\/aktualno\/","url":"https:\/\/www.abenanova.com\/sl\/v-praksi\/aktualno\/","name":"Novice, nagrade & medijske objave o ABENA Nova z MediSens","isPartOf":{"@id":"https:\/\/www.abenanova.com\/sl\/#website"},"datePublished":"2021-04-13T10:33:01+00:00","dateModified":"2023-08-03T07:12:04+00:00","description":"Preberite na\u0161e aktualne novice in objave o ABENA Nova z MediSens. Spremljajte nas tudi na Facebooku, Instagramu in LinkedInu.","breadcrumb":{"@id":"https:\/\/www.abenanova.com\/sl\/v-praksi\/aktualno\/#breadcrumb"},"inLanguage":"sl-SI","potentialAction":[{"@type":"ReadAction","target":["https:\/\/www.abenanova.com\/sl\/v-praksi\/aktualno\/"]}]},{"@type":"BreadcrumbList","@id":"https:\/\/www.abenanova.com\/sl\/v-praksi\/aktualno\/#breadcrumb","itemListElement":[{"@type":"ListItem","position":1,"name":"Home","item":"https:\/\/www.abenanova.com\/sl\/"},{"@type":"ListItem","position":2,"name":"V praksi","item":"https:\/\/www.abenanova.com\/sl\/v-praksi\/"},{"@type":"ListItem","position":3,"name":"Aktualno"}]},{"@type":"WebSite","@id":"https:\/\/www.abenanova.com\/sl\/#website","url":"https:\/\/www.abenanova.com\/sl\/","name":"ABENA Nova","description":"","potentialAction":[{"@type":"SearchAction","target":{"@type":"EntryPoint","urlTemplate":"https:\/\/www.abenanova.com\/sl\/?s={search_term_string}"},"query-input":{"@type":"PropertyValueSpecification","valueRequired":true,"valueName":"search_term_string"}}],"inLanguage":"sl-SI"}]}},"_links":{"self":[{"href":"https:\/\/www.abenanova.com\/sl\/wp-json\/wp\/v2\/pages\/1716","targetHints":{"allow":["GET"]}}],"collection":[{"href":"https:\/\/www.abenanova.com\/sl\/wp-json\/wp\/v2\/pages"}],"about":[{"href":"https:\/\/www.abenanova.com\/sl\/wp-json\/wp\/v2\/types\/page"}],"author":[{"embeddable":true,"href":"https:\/\/www.abenanova.com\/sl\/wp-json\/wp\/v2\/users\/2"}],"replies":[{"embeddable":true,"href":"https:\/\/www.abenanova.com\/sl\/wp-json\/wp\/v2\/comments?post=1716"}],"version-history":[{"count":0,"href":"https:\/\/www.abenanova.com\/sl\/wp-json\/wp\/v2\/pages\/1716\/revisions"}],"up":[{"embeddable":true,"href":"https:\/\/www.abenanova.com\/sl\/wp-json\/wp\/v2\/pages\/1715"}],"wp:attachment":[{"href":"https:\/\/www.abenanova.com\/sl\/wp-json\/wp\/v2\/media?parent=1716"}],"curies":[{"name":"wp","href":"https:\/\/api.w.org\/{rel}","templated":true}]}}