{"id":1692,"date":"2022-12-21T16:06:20","date_gmt":"2022-12-21T14:06:20","guid":{"rendered":"https:\/\/www.abenanova.com\/bangs-have-nursing-home-in-denmark\/"},"modified":"2023-07-07T12:50:32","modified_gmt":"2023-07-07T10:50:32","slug":"bangs-have","status":"publish","type":"page","link":"https:\/\/www.abenanova.com\/sl\/v-praksi\/bangs-have\/","title":{"rendered":"Dom starej\u0161ih Bangs Have"},"content":{"rendered":"<div>\n<p><span>Dom starej\u0161ih Bangs Have na Danskem<\/span><\/p>\n<\/div>\n<h1>Odkrijte vzorec pri oskrbi oseb z inkontinenco<\/h1>\n<div>\n<p>V domu starej\u0161ih Bangs Have na Danskem so na podro\u010dju oskrbe oseb z inkontinence vedno v ospredju. To pomeni manj motenj in bolj dostojanstveno oskrbo stanovalcev z inkontinenco.<\/p>\n<\/div>\n<div>\n<p><i>&#8220;Z digitalnim sledenjem strani\u0161\u010dnim navadam oskrbovancev, ki ga omogo\u010da re\u0161itev ABENA Nova, smo dobili pregled nad posameznikovim naravnim vzorcem uriniranja, kar nam omogo\u010da la\u017eje na\u010drtovanje zamenjave pripomo\u010dkov za inkontinenco in prepre\u010devanje iztekanja,&#8221;<\/i> pojasnjuje Karen H\u00f8yer, vodja podjetja Bangs Have.<\/p>\n<p>Medicinska sestra Tailia Skovsted pove ve\u010d o opaznih razlikah, ki so jih do\u017eiveli pri vsakodnevni oskrbi.<\/p>\n<\/div>\n<h2>Izbolj\u0161ana kakovost \u017eivljenja<\/h2>\n<div>\n<p><i>&#8220;Vedno je bilo treba najti ravnote\u017eje med tem, kako zagotoviti, da ro\u010dna preverjanja in menjave pripomo\u010dkov za inkontinenco zahtevajo \u010dim manj pozornosti, hkrati pa prepre\u010diti iztekanje. Re\u0161itev ABENA Nova nas obvesti, kdaj je \u010das za menjavo, kar nam omogo\u010da, da se prilagodimo posameznikovi dnevni rutini in cirkadianemu ritmu. To pomeni, da menjava pripomo\u010dka za inkontinenco vzame njihovo pozornost le takrat, ko je to potrebno. S tem se izbolj\u0161a kakovost \u017eivljenja stanovalcev,&#8221;<\/i>\u00a0 je povedala Tailia Skovsted.<\/p>\n<\/div>\n<blockquote>\n<p>&#8220;Inovacije, kot je pametni pripomo\u010dek za inkontinenco, lahko izbolj\u0161ajo kakovost \u017eivljenja, ve\u010dji ob\u010dutek svobode in samostojnosti na\u0161ih uporabnikov.&#8221;<\/p>\n<footer>\n<p>                <cite>Tailia Skovsted<\/cite><\/p>\n<\/footer>\n<\/blockquote>\n<p><img decoding=\"async\" src=\"\/wp-content\/uploads\/2022\/12\/DSC7627-scaled.jpg\" alt=\"\"><\/p>\n<h2><span data-contrast=\"auto\" xml:lang=\"EN-US\" lang=\"EN-US\" class=\"TextRun SCXW209683071 BCX0\"><span class=\"NormalTextRun SCXW209683071 BCX0\">Ve\u010d znanja \u2013 bolj\u0161a oskrba<\/span><\/span><\/h2>\n<div>\n<p>Pri eni od oskrbovank so zaposleni v Bangs Have \u0161e posebej te\u017eko ugotovili vzorec uriniranja pono\u010di. Na njeno veliko razo\u010daranje se je ve\u010dina juter za\u010dela v mokri postelji.<\/p>\n<p><i>&#8220;Re\u0161itev ABENA Nova je zanjo pomenila popolnoma druga\u010den na\u010din za\u010detka dneva,&#8221;<\/i> pravi Tailia Skovsted. <i>&#8220;Nenadoma smo imeli orodje, ki nam je natan\u010dno pokazalo, kdaj in kako pogosto pono\u010di moramo zamenjati pripomo\u010dek za inkontinenco in kdaj jo lahko pustimo spati \u010dez no\u010d.&#8221;<\/i><\/p>\n<p>Tako Karen kot Tailia se strinjata, da digitalni podatki pomenijo bolj\u0161i pregled, bolj\u0161e na\u010drtovanje in bolj dostojanstveno oskrbo oseb z inkontinenco v domu starej\u0161ih.<\/p>\n<\/div>\n<div>\n<p>ABENA Nova<\/p>\n<\/div>\n<h2>Razi\u0161\u010dite ve\u010d \u0161tudij primerov<\/h2>\n<ul>\n<li>\n<p>        <img decoding=\"async\" src=\"\/wp-content\/uploads\/2021\/11\/COLOURBOX36730767-Elder-and-caregiver-scaled-e1636118193757.jpg\" alt=\"\"><\/p>\n<h3>Philadelphia Zorg<\/h3>\n<p>Nizozemska<\/p>\n<div>\n<p>ABENA Nova je podjetju Philadelphia Zorg omogo\u010dila, da se je osredoto\u010dilo na individualne potrebe oskrbovancev.<\/p>\n<\/div>\n<p><a href=\"\/cases\/abena-nova-trial-at-philadelphia-zorg\/\">Ve\u010d o tem<\/a><\/p>\n<\/li>\n<li>\n<p>        <img decoding=\"async\" src=\"\/wp-content\/uploads\/2023\/01\/Solvang1.jpg\" alt=\"\"><\/p>\n<h3>Dom starej\u0161ih Solvang <\/h3>\n<p>Danska<\/p>\n<div>\n<p>ABENA Nova je omogo\u010dila manj dvigov oskrbovancev, manj ro\u010dnih preverjanj in manj porabljenih pripomo\u010dkov.<\/p>\n<\/div>\n<p><a href=\"\/cases\/nursing-home-solvang-in-denmark\/\">Ve\u010d o tem<\/a><\/p>\n<\/li>\n<li>\n<p>        <img decoding=\"async\" src=\"\/wp-content\/uploads\/2022\/11\/COLOURBOX34941715_Caregiver_Digital_adjusted-scaled.jpg\" alt=\"Caregiver and resident looking at digital solution\"><\/p>\n<h3>Zorg Elde Massduinen<\/h3>\n<p>Nizozemska<\/p>\n<div>\n<p>ABENA Nova je naredila spremembo predvsem v dobrem po\u010dutju oskrbovancev.<\/p>\n<\/div>\n<p><a href=\"\/cases\/zorggroep-elde-maasduinen\/\">Ve\u010d o tem<\/a><\/p>\n<\/li>\n<\/ul>\n<p><!--more--><br \/>\n<!-- {\"type\":\"layout\",\"children\":[{\"type\":\"section\",\"props\":{\"image\":\"wp-content\\\/uploads\\\/2023\\\/01\\\/BangsHave-1.jpg\",\"image_position\":\"center-center\",\"image_size\":\"cover\",\"media_overlay\":\"rgba(5, 0, 39, 0.42)\",\"padding\":\"large\",\"style\":\"default\",\"text_color\":\"light\",\"title_breakpoint\":\"xl\",\"title_position\":\"top-left\",\"title_rotation\":\"left\",\"vertical_align\":\"middle\",\"width\":\"default\"},\"children\":[{\"type\":\"row\",\"children\":[{\"type\":\"column\",\"props\":{\"image_position\":\"center-center\",\"position_sticky_breakpoint\":\"m\"},\"children\":[{\"type\":\"text\",\"props\":{\"column_breakpoint\":\"m\",\"content\":\"\n\n<p><span>Dom starej\\u0161ih Bangs Have na Danskem<\\\/span><\\\/p>\",\"margin\":\"default\",\"margin_remove_bottom\":true,\"text_style\":\"meta\"}},{\"type\":\"headline\",\"props\":{\"content\":\"Odkrijte vzorec pri oskrbi oseb z inkontinenco\",\"margin_remove_top\":true,\"maxwidth\":\"xlarge\",\"title_element\":\"h1\"}},{\"type\":\"text\",\"props\":{\"column_breakpoint\":\"m\",\"content\":\"\n\n<p>V domu starej\\u0161ih Bangs Have na Danskem so na podro\\u010dju oskrbe oseb z inkontinence vedno v ospredju. To pomeni manj motenj in bolj dostojanstveno oskrbo stanovalcev z inkontinenco.<\\\/p>\",\"margin\":\"default\",\"text_style\":\"lead\"}}]}]}],\"name\":\"Topbanner w. page title\"},{\"type\":\"section\",\"props\":{\"image_position\":\"center-center\",\"style\":\"default\",\"title_breakpoint\":\"xl\",\"title_position\":\"top-left\",\"title_rotation\":\"left\",\"vertical_align\":\"middle\",\"width\":\"default\"},\"children\":[{\"type\":\"row\",\"children\":[{\"type\":\"column\",\"props\":{\"image_position\":\"center-center\",\"position_sticky_breakpoint\":\"m\"},\"children\":[{\"type\":\"text\",\"props\":{\"column_breakpoint\":\"m\",\"column_divider\":true,\"content\":\"\n\n<p><i>\\\"Z digitalnim sledenjem strani\\u0161\\u010dnim navadam oskrbovancev, ki ga omogo\\u010da re\\u0161itev ABENA Nova, smo dobili pregled nad posameznikovim naravnim vzorcem uriniranja, kar nam omogo\\u010da la\\u017eje na\\u010drtovanje zamenjave pripomo\\u010dkov za inkontinenco in prepre\\u010devanje iztekanja,\\\"<\\\/i> pojasnjuje Karen H\\u00f8yer, vodja podjetja Bangs Have.<\\\/p>\\n\n\n<p>Medicinska sestra Tailia Skovsted pove ve\\u010d o opaznih razlikah, ki so jih do\\u017eiveli pri vsakodnevni oskrbi.<\\\/p>\",\"margin\":\"default\"}},{\"type\":\"headline\",\"props\":{\"content\":\"Izbolj\\u0161ana kakovost \\u017eivljenja\",\"margin_remove_top\":true,\"maxwidth\":\"xlarge\",\"title_element\":\"h2\"}},{\"type\":\"text\",\"props\":{\"column_breakpoint\":\"m\",\"column_divider\":true,\"content\":\"\n\n<p><i>\\\"Vedno je bilo treba najti ravnote\\u017eje med tem, kako zagotoviti, da ro\\u010dna preverjanja in menjave pripomo\\u010dkov za inkontinenco zahtevajo \\u010dim manj pozornosti, hkrati pa prepre\\u010diti iztekanje. Re\\u0161itev ABENA Nova nas obvesti, kdaj je \\u010das za menjavo, kar nam omogo\\u010da, da se prilagodimo posameznikovi dnevni rutini in cirkadianemu ritmu. To pomeni, da menjava pripomo\\u010dka za inkontinenco vzame njihovo pozornost le takrat, ko je to potrebno. S tem se izbolj\\u0161a kakovost \\u017eivljenja stanovalcev,\\\"<\\\/i>\\u00a0 je povedala Tailia Skovsted.<\\\/p>\",\"margin\":\"default\"}}]}]},{\"type\":\"row\",\"props\":{\"layout\":\"2-3,1-3\"},\"children\":[{\"type\":\"column\",\"props\":{\"image_position\":\"center-center\",\"position_sticky_breakpoint\":\"m\",\"vertical_align\":\"middle\",\"width_medium\":\"2-3\"},\"children\":[{\"type\":\"quotation\",\"props\":{\"author\":\"Tailia Skovsted\",\"block_align\":\"center\",\"content\":\"\n\n<p>\\\"Inovacije, kot je pametni pripomo\\u010dek za inkontinenco, lahko izbolj\\u0161ajo kakovost \\u017eivljenja, ve\\u010dji ob\\u010dutek svobode in samostojnosti na\\u0161ih uporabnikov.\\\"<\\\/p>\"}}]},{\"type\":\"column\",\"props\":{\"image_position\":\"center-center\",\"position_sticky_breakpoint\":\"m\",\"width_medium\":\"1-3\"},\"children\":[{\"type\":\"image\",\"props\":{\"image\":\"wp-content\\\/uploads\\\/2022\\\/12\\\/DSC7627-scaled.jpg\",\"image_svg_color\":\"emphasis\",\"margin\":\"default\"}}]}]},{\"type\":\"row\",\"children\":[{\"type\":\"column\",\"props\":{\"image_position\":\"center-center\",\"position_sticky_breakpoint\":\"m\"},\"children\":[{\"type\":\"headline\",\"props\":{\"content\":\"<span data-contrast=\\\"auto\\\" xml:lang=\\\"EN-US\\\" lang=\\\"EN-US\\\" class=\\\"TextRun SCXW209683071 BCX0\\\"><span class=\\\"NormalTextRun SCXW209683071 BCX0\\\">Ve\\u010d znanja \\u2013 bolj\\u0161a oskrba<\\\/span><\\\/span>\",\"margin_remove_top\":true,\"maxwidth\":\"xlarge\",\"title_element\":\"h2\"}},{\"type\":\"text\",\"props\":{\"column_breakpoint\":\"m\",\"column_divider\":true,\"content\":\"\n\n<p>Pri eni od oskrbovank so zaposleni v Bangs Have \\u0161e posebej te\\u017eko ugotovili vzorec uriniranja pono\\u010di. Na njeno veliko razo\\u010daranje se je ve\\u010dina juter za\\u010dela v mokri postelji.<\\\/p>\\n\n\n<p><i>\\\"Re\\u0161itev ABENA Nova je zanjo pomenila popolnoma druga\\u010den na\\u010din za\\u010detka dneva,\\\"<\\\/i> pravi Tailia Skovsted. <i>\\\"Nenadoma smo imeli orodje, ki nam je natan\\u010dno pokazalo, kdaj in kako pogosto pono\\u010di moramo zamenjati pripomo\\u010dek za inkontinenco in kdaj jo lahko pustimo spati \\u010dez no\\u010d.\\\"<\\\/i><\\\/p>\\n\n\n<p>Tako Karen kot Tailia se strinjata, da digitalni podatki pomenijo bolj\\u0161i pregled, bolj\\u0161e na\\u010drtovanje in bolj dostojanstveno oskrbo oseb z inkontinenco v domu starej\\u0161ih.<\\\/p>\",\"margin\":\"default\"}}]}]}]},{\"type\":\"section\",\"props\":{\"image_position\":\"center-center\",\"style\":\"muted\",\"title_breakpoint\":\"xl\",\"title_position\":\"top-left\",\"title_rotation\":\"left\",\"vertical_align\":\"middle\",\"width\":\"default\"},\"children\":[{\"type\":\"row\",\"children\":[{\"type\":\"column\",\"props\":{\"image_position\":\"center-center\",\"position_sticky_breakpoint\":\"m\"},\"children\":[{\"type\":\"text\",\"props\":{\"column_breakpoint\":\"m\",\"content\":\"\n\n<p>ABENA Nova<\\\/p>\",\"margin\":\"default\",\"margin_remove_bottom\":true,\"text_style\":\"meta\"}},{\"type\":\"headline\",\"props\":{\"animation\":\"slide-bottom-small\",\"content\":\"Razi\\u0161\\u010dite ve\\u010d \\u0161tudij primerov\",\"margin\":\"default\",\"margin_remove_top\":true,\"title_element\":\"h2\"}},{\"type\":\"grid\",\"props\":{\"content_column_breakpoint\":\"m\",\"content_margin\":\"remove\",\"filter_align\":\"left\",\"filter_all\":true,\"filter_grid_breakpoint\":\"m\",\"filter_grid_width\":\"auto\",\"filter_position\":\"top\",\"filter_style\":\"tab\",\"grid_column_align\":true,\"grid_column_gap\":\"small\",\"grid_default\":\"1\",\"grid_medium\":\"3\",\"grid_row_align\":true,\"grid_row_gap\":\"small\",\"grid_small\":\"2\",\"icon_width\":80,\"image_align\":\"top\",\"image_grid_breakpoint\":\"m\",\"image_grid_width\":\"1-2\",\"image_height\":\"320\",\"image_link\":true,\"image_svg_color\":\"emphasis\",\"image_transition\":\"scale-up\",\"image_width\":\"610\",\"item_animation\":true,\"link_style\":\"default\",\"link_text\":\"\",\"margin\":\"default\",\"meta_align\":\"above-title\",\"meta_element\":\"div\",\"meta_style\":\"text-meta\",\"panel_image_no_padding\":true,\"panel_link\":true,\"panel_padding\":\"small\",\"panel_style\":\"card-hover\",\"parallax_easing\":\"1\",\"show_content\":true,\"show_image\":true,\"show_link\":true,\"show_meta\":true,\"show_title\":true,\"title_align\":\"top\",\"title_element\":\"h3\",\"title_grid_breakpoint\":\"m\",\"title_grid_width\":\"1-2\",\"title_hover_style\":\"reset\",\"title_link\":true,\"title_margin\":\"remove\",\"title_style\":\"h5\"},\"children\":[{\"type\":\"grid_item\",\"props\":{\"content\":\"\n\n<p><\\\/p>\\n\n\n<p>ABENA Nova je podjetju Philadelphia Zorg omogo\\u010dila, da se je osredoto\\u010dilo na individualne potrebe oskrbovancev.<\\\/p>\",\"image\":\"wp-content\\\/uploads\\\/2021\\\/11\\\/COLOURBOX36730767-Elder-and-caregiver-scaled-e1636118193757.jpg\",\"link\":\"cases\\\/abena-nova-trial-at-philadelphia-zorg\\\/\",\"link_text\":\"Ve\\u010d o tem\",\"meta\":\"Nizozemska\",\"title\":\"Philadelphia Zorg\"}},{\"type\":\"grid_item\",\"props\":{\"content\":\"\n\n<p><\\\/p>\\n\n\n<p>ABENA Nova je omogo\\u010dila manj dvigov oskrbovancev, manj ro\\u010dnih preverjanj in manj porabljenih pripomo\\u010dkov.<\\\/p>\",\"image\":\"wp-content\\\/uploads\\\/2023\\\/01\\\/Solvang1.jpg\",\"link\":\"cases\\\/nursing-home-solvang-in-denmark\\\/\",\"link_text\":\"Ve\\u010d o tem\",\"meta\":\"Danska\",\"title\":\"Dom starej\\u0161ih Solvang \"}},{\"type\":\"grid_item\",\"props\":{\"content\":\"\n\n<p><\\\/p>\\n\n\n<p>ABENA Nova je naredila spremembo predvsem v dobrem po\\u010dutju oskrbovancev.<\\\/p>\",\"image\":\"wp-content\\\/uploads\\\/2022\\\/11\\\/COLOURBOX34941715_Caregiver_Digital_adjusted-scaled.jpg\",\"image_alt\":\"Caregiver and resident looking at digital solution\",\"link\":\"cases\\\/zorggroep-elde-maasduinen\\\/\",\"link_text\":\"Ve\\u010d o tem\",\"meta\":\"Nizozemska\",\"title\":\"Zorg Elde Massduinen\"}}],\"modified\":\"2021-01-28T14:50:40.352Z\"}]}]}],\"name\":\"Section with cases - 3 columns - muted\"}],\"version\":\"4.0.6\"} --><\/p>\n","protected":false},"excerpt":{"rendered":"<p>Dom starej\u0161ih Bangs Have na Danskem Odkrijte vzorec pri oskrbi oseb z inkontinenco V domu starej\u0161ih Bangs Have na Danskem so na podro\u010dju oskrbe oseb z inkontinence vedno v ospredju. To pomeni manj motenj in bolj dostojanstveno oskrbo stanovalcev z inkontinenco. &#8220;Z digitalnim sledenjem strani\u0161\u010dnim navadam oskrbovancev, ki ga omogo\u010da re\u0161itev ABENA Nova, smo dobili [&hellip;]<\/p>\n","protected":false},"author":9,"featured_media":1693,"parent":1715,"menu_order":0,"comment_status":"closed","ping_status":"closed","template":"","meta":{"footnotes":""},"class_list":["post-1692","page","type-page","status-publish","has-post-thumbnail","hentry"],"yoast_head":"<!-- This site is optimized with the Yoast SEO plugin v27.4 - https:\/\/yoast.com\/product\/yoast-seo-wordpress\/ -->\n<title>Dom starej\u0161ih Bangs Have - ABENA Nova<\/title>\n<meta name=\"robots\" content=\"index, follow, max-snippet:-1, max-image-preview:large, max-video-preview:-1\" \/>\n<link rel=\"canonical\" href=\"https:\/\/www.abenanova.com\/sl\/v-praksi\/bangs-have\/\" \/>\n<meta property=\"og:locale\" content=\"sl_SI\" \/>\n<meta property=\"og:type\" content=\"article\" \/>\n<meta property=\"og:title\" content=\"Dom starej\u0161ih Bangs Have - ABENA Nova\" \/>\n<meta property=\"og:description\" content=\"Dom starej\u0161ih Bangs Have na Danskem Odkrijte vzorec pri oskrbi oseb z inkontinenco V domu starej\u0161ih Bangs Have na Danskem so na podro\u010dju oskrbe oseb z inkontinence vedno v ospredju. To pomeni manj motenj in bolj dostojanstveno oskrbo stanovalcev z inkontinenco. &#8220;Z digitalnim sledenjem strani\u0161\u010dnim navadam oskrbovancev, ki ga omogo\u010da re\u0161itev ABENA Nova, smo dobili [&hellip;]\" \/>\n<meta property=\"og:url\" content=\"https:\/\/www.abenanova.com\/sl\/v-praksi\/bangs-have\/\" \/>\n<meta property=\"og:site_name\" content=\"ABENA Nova\" \/>\n<meta property=\"article:modified_time\" content=\"2023-07-07T10:50:32+00:00\" \/>\n<meta property=\"og:image\" content=\"https:\/\/www.abenanova.com\/wp-content\/uploads\/2023\/01\/BangsHave-1.jpg\" \/>\n\t<meta property=\"og:image:width\" content=\"1200\" \/>\n\t<meta property=\"og:image:height\" content=\"322\" \/>\n\t<meta property=\"og:image:type\" content=\"image\/jpeg\" \/>\n<meta name=\"twitter:card\" content=\"summary_large_image\" \/>\n<meta name=\"twitter:label1\" content=\"Est. reading time\" \/>\n\t<meta name=\"twitter:data1\" content=\"4 minute\" \/>\n<script type=\"application\/ld+json\" class=\"yoast-schema-graph\">{\"@context\":\"https:\\\/\\\/schema.org\",\"@graph\":[{\"@type\":\"WebPage\",\"@id\":\"https:\\\/\\\/www.abenanova.com\\\/sl\\\/v-praksi\\\/bangs-have\\\/\",\"url\":\"https:\\\/\\\/www.abenanova.com\\\/sl\\\/v-praksi\\\/bangs-have\\\/\",\"name\":\"Dom starej\u0161ih Bangs Have - ABENA Nova\",\"isPartOf\":{\"@id\":\"https:\\\/\\\/www.abenanova.com\\\/sl\\\/#website\"},\"primaryImageOfPage\":{\"@id\":\"https:\\\/\\\/www.abenanova.com\\\/sl\\\/v-praksi\\\/bangs-have\\\/#primaryimage\"},\"image\":{\"@id\":\"https:\\\/\\\/www.abenanova.com\\\/sl\\\/v-praksi\\\/bangs-have\\\/#primaryimage\"},\"thumbnailUrl\":\"https:\\\/\\\/www.abenanova.com\\\/wp-content\\\/uploads\\\/2023\\\/01\\\/BangsHave-1.jpg\",\"datePublished\":\"2022-12-21T14:06:20+00:00\",\"dateModified\":\"2023-07-07T10:50:32+00:00\",\"breadcrumb\":{\"@id\":\"https:\\\/\\\/www.abenanova.com\\\/sl\\\/v-praksi\\\/bangs-have\\\/#breadcrumb\"},\"inLanguage\":\"sl-SI\",\"potentialAction\":[{\"@type\":\"ReadAction\",\"target\":[\"https:\\\/\\\/www.abenanova.com\\\/sl\\\/v-praksi\\\/bangs-have\\\/\"]}]},{\"@type\":\"ImageObject\",\"inLanguage\":\"sl-SI\",\"@id\":\"https:\\\/\\\/www.abenanova.com\\\/sl\\\/v-praksi\\\/bangs-have\\\/#primaryimage\",\"url\":\"https:\\\/\\\/www.abenanova.com\\\/wp-content\\\/uploads\\\/2023\\\/01\\\/BangsHave-1.jpg\",\"contentUrl\":\"https:\\\/\\\/www.abenanova.com\\\/wp-content\\\/uploads\\\/2023\\\/01\\\/BangsHave-1.jpg\",\"width\":1200,\"height\":322},{\"@type\":\"BreadcrumbList\",\"@id\":\"https:\\\/\\\/www.abenanova.com\\\/sl\\\/v-praksi\\\/bangs-have\\\/#breadcrumb\",\"itemListElement\":[{\"@type\":\"ListItem\",\"position\":1,\"name\":\"Home\",\"item\":\"https:\\\/\\\/www.abenanova.com\\\/sl\\\/\"},{\"@type\":\"ListItem\",\"position\":2,\"name\":\"V praksi\",\"item\":\"https:\\\/\\\/www.abenanova.com\\\/sl\\\/v-praksi\\\/\"},{\"@type\":\"ListItem\",\"position\":3,\"name\":\"Dom starej\u0161ih Bangs Have\"}]},{\"@type\":\"WebSite\",\"@id\":\"https:\\\/\\\/www.abenanova.com\\\/sl\\\/#website\",\"url\":\"https:\\\/\\\/www.abenanova.com\\\/sl\\\/\",\"name\":\"ABENA Nova\",\"description\":\"\",\"potentialAction\":[{\"@type\":\"SearchAction\",\"target\":{\"@type\":\"EntryPoint\",\"urlTemplate\":\"https:\\\/\\\/www.abenanova.com\\\/sl\\\/?s={search_term_string}\"},\"query-input\":{\"@type\":\"PropertyValueSpecification\",\"valueRequired\":true,\"valueName\":\"search_term_string\"}}],\"inLanguage\":\"sl-SI\"}]}<\/script>\n<!-- \/ Yoast SEO plugin. -->","yoast_head_json":{"title":"Dom starej\u0161ih Bangs Have - ABENA Nova","robots":{"index":"index","follow":"follow","max-snippet":"max-snippet:-1","max-image-preview":"max-image-preview:large","max-video-preview":"max-video-preview:-1"},"canonical":"https:\/\/www.abenanova.com\/sl\/v-praksi\/bangs-have\/","og_locale":"sl_SI","og_type":"article","og_title":"Dom starej\u0161ih Bangs Have - ABENA Nova","og_description":"Dom starej\u0161ih Bangs Have na Danskem Odkrijte vzorec pri oskrbi oseb z inkontinenco V domu starej\u0161ih Bangs Have na Danskem so na podro\u010dju oskrbe oseb z inkontinence vedno v ospredju. To pomeni manj motenj in bolj dostojanstveno oskrbo stanovalcev z inkontinenco. &#8220;Z digitalnim sledenjem strani\u0161\u010dnim navadam oskrbovancev, ki ga omogo\u010da re\u0161itev ABENA Nova, smo dobili [&hellip;]","og_url":"https:\/\/www.abenanova.com\/sl\/v-praksi\/bangs-have\/","og_site_name":"ABENA Nova","article_modified_time":"2023-07-07T10:50:32+00:00","og_image":[{"width":1200,"height":322,"url":"https:\/\/www.abenanova.com\/wp-content\/uploads\/2023\/01\/BangsHave-1.jpg","type":"image\/jpeg"}],"twitter_card":"summary_large_image","twitter_misc":{"Est. reading time":"4 minute"},"schema":{"@context":"https:\/\/schema.org","@graph":[{"@type":"WebPage","@id":"https:\/\/www.abenanova.com\/sl\/v-praksi\/bangs-have\/","url":"https:\/\/www.abenanova.com\/sl\/v-praksi\/bangs-have\/","name":"Dom starej\u0161ih Bangs Have - ABENA Nova","isPartOf":{"@id":"https:\/\/www.abenanova.com\/sl\/#website"},"primaryImageOfPage":{"@id":"https:\/\/www.abenanova.com\/sl\/v-praksi\/bangs-have\/#primaryimage"},"image":{"@id":"https:\/\/www.abenanova.com\/sl\/v-praksi\/bangs-have\/#primaryimage"},"thumbnailUrl":"https:\/\/www.abenanova.com\/wp-content\/uploads\/2023\/01\/BangsHave-1.jpg","datePublished":"2022-12-21T14:06:20+00:00","dateModified":"2023-07-07T10:50:32+00:00","breadcrumb":{"@id":"https:\/\/www.abenanova.com\/sl\/v-praksi\/bangs-have\/#breadcrumb"},"inLanguage":"sl-SI","potentialAction":[{"@type":"ReadAction","target":["https:\/\/www.abenanova.com\/sl\/v-praksi\/bangs-have\/"]}]},{"@type":"ImageObject","inLanguage":"sl-SI","@id":"https:\/\/www.abenanova.com\/sl\/v-praksi\/bangs-have\/#primaryimage","url":"https:\/\/www.abenanova.com\/wp-content\/uploads\/2023\/01\/BangsHave-1.jpg","contentUrl":"https:\/\/www.abenanova.com\/wp-content\/uploads\/2023\/01\/BangsHave-1.jpg","width":1200,"height":322},{"@type":"BreadcrumbList","@id":"https:\/\/www.abenanova.com\/sl\/v-praksi\/bangs-have\/#breadcrumb","itemListElement":[{"@type":"ListItem","position":1,"name":"Home","item":"https:\/\/www.abenanova.com\/sl\/"},{"@type":"ListItem","position":2,"name":"V praksi","item":"https:\/\/www.abenanova.com\/sl\/v-praksi\/"},{"@type":"ListItem","position":3,"name":"Dom starej\u0161ih Bangs Have"}]},{"@type":"WebSite","@id":"https:\/\/www.abenanova.com\/sl\/#website","url":"https:\/\/www.abenanova.com\/sl\/","name":"ABENA Nova","description":"","potentialAction":[{"@type":"SearchAction","target":{"@type":"EntryPoint","urlTemplate":"https:\/\/www.abenanova.com\/sl\/?s={search_term_string}"},"query-input":{"@type":"PropertyValueSpecification","valueRequired":true,"valueName":"search_term_string"}}],"inLanguage":"sl-SI"}]}},"_links":{"self":[{"href":"https:\/\/www.abenanova.com\/sl\/wp-json\/wp\/v2\/pages\/1692","targetHints":{"allow":["GET"]}}],"collection":[{"href":"https:\/\/www.abenanova.com\/sl\/wp-json\/wp\/v2\/pages"}],"about":[{"href":"https:\/\/www.abenanova.com\/sl\/wp-json\/wp\/v2\/types\/page"}],"author":[{"embeddable":true,"href":"https:\/\/www.abenanova.com\/sl\/wp-json\/wp\/v2\/users\/9"}],"replies":[{"embeddable":true,"href":"https:\/\/www.abenanova.com\/sl\/wp-json\/wp\/v2\/comments?post=1692"}],"version-history":[{"count":0,"href":"https:\/\/www.abenanova.com\/sl\/wp-json\/wp\/v2\/pages\/1692\/revisions"}],"up":[{"embeddable":true,"href":"https:\/\/www.abenanova.com\/sl\/wp-json\/wp\/v2\/pages\/1715"}],"wp:featuredmedia":[{"embeddable":true,"href":"https:\/\/www.abenanova.com\/sl\/wp-json\/wp\/v2\/media\/1693"}],"wp:attachment":[{"href":"https:\/\/www.abenanova.com\/sl\/wp-json\/wp\/v2\/media?parent=1692"}],"curies":[{"name":"wp","href":"https:\/\/api.w.org\/{rel}","templated":true}]}}